{"id":74308,"date":"2025-09-12T11:17:30","date_gmt":"2025-09-12T11:17:30","guid":{"rendered":"https:\/\/www.campinglajaougotte.com\/camping-las-landas\/"},"modified":"2025-10-16T09:47:39","modified_gmt":"2025-10-16T09:47:39","slug":"camping-las-landas","status":"publish","type":"page","link":"https:\/\/www.campinglajaougotte.com\/es\/camping-las-landas\/","title":{"rendered":"Camping Las Landas"},"content":{"rendered":"<div class=\"et_pb_section_0 et_pb_section et_section_regular et_flex_section\"><\/div>\n\n<div class=\"et_pb_section_1 et_pb_section et_section_regular et_flex_section\"><div class=\"et_pb_row_0 et_pb_row et_flex_row\"><div class=\"et_pb_column_0 et_pb_column et_flex_column et_pb_css_mix_blend_mode_passthrough et_flex_column_24_24 et_flex_column_24_24_tablet et_flex_column_24_24_phone\"><div class=\"et_pb_text_0 et_pb_text et_pb_bg_layout_light et_pb_module et_flex_module\"><div class=\"et_pb_text_inner\"><p>No tienes permisos suficientes para acceder a este contenido.<\/p>\n<\/div><\/div><\/div><div class=\"et_pb_column_1 et_pb_column et-last-child et_flex_column et_pb_column_empty et_pb_css_mix_blend_mode_passthrough et_flex_column_24_24 et_flex_column_24_24_tablet et_flex_column_24_24_phone\"><\/div><\/div><div class=\"et_pb_row_1 et_pb_row et_flex_row\"><div class=\"et_pb_column_2 et_pb_column et-last-child et_flex_column et_pb_css_mix_blend_mode_passthrough et_flex_column_24_24 et_flex_column_24_24_tablet et_flex_column_24_24_phone\"><div class=\"et_pb_text_1 et_pb_text et_pb_bg_layout_light et_pb_module et_flex_module\"><div class=\"et_pb_text_inner\"><span><span><a href=\"https:\/\/www.campinglajaougotte.com\/es\/\">Accueil<\/a><\/span><\/span>\n<\/div><\/div><\/div><\/div><div class=\"et_pb_row_2 et_pb_row et_flex_row\"><div class=\"et_pb_column_3 et_pb_column et_flex_column et_pb_css_mix_blend_mode_passthrough et_flex_column_24_24 et_flex_column_24_24_tablet et_flex_column_24_24_phone\"><div class=\"et_pb_text_2 et_pb_text et_pb_bg_layout_light et_pb_module et_flex_module\"><div class=\"et_pb_text_inner\"><p>No tienes permisos suficientes para acceder a este contenido.<\/p>\n<\/div><\/div><\/div><div class=\"et_pb_column_4 et_pb_column et-last-child et_flex_column et_pb_column_empty et_pb_css_mix_blend_mode_passthrough et_flex_column_24_24 et_flex_column_24_24_tablet et_flex_column_24_24_phone\"><\/div><\/div><\/div>\n\n<div class=\"et_pb_section_2 et_pb_section et_section_regular et_flex_section\">\n<div class=\"et_pb_row_3 et_pb_row et_flex_row\">\n<div class=\"et_pb_column_5 et_pb_column et_flex_column et_pb_column_empty et_pb_css_mix_blend_mode_passthrough et_flex_column_24_24 et_flex_column_24_24_tablet et_flex_column_24_24_phone\"><\/div>\n\n<div class=\"et_pb_column_6 et_pb_column et-last-child et_flex_column et_pb_css_mix_blend_mode_passthrough et_flex_column_24_24 et_flex_column_24_24_tablet et_flex_column_24_24_phone\">\n<div class=\"et_pb_text_3 et_pb_text et_pb_bg_layout_light et_pb_module et_flex_module\"><div class=\"et_pb_text_inner\"><h2>Descubrir las riquezas de Vielle-Saint-Girons<\/h2>\n<\/div><\/div>\n\n<div class=\"et_pb_text_4 et_pb_text et_pb_bg_layout_light et_pb_module et_flex_module\"><div class=\"et_pb_text_inner\"><p>Vielle-Saint-Girons es un verdadero para\u00edso natural, situado entre el oc\u00e9ano Atl\u00e1ntico, los lagos apacibles y el inmenso bosque de Las Landas. A solo 3 km del camping, encontrar\u00e1 la Oficina de Turismo de L\u00e9on, un punto de partida ideal para preparar sus excursiones y descubrir las mejores direcciones locales.<x id=\"gid_0\"><\/x>La regi\u00f3n, en el coraz\u00f3n de la Costa Landesa Natural, ofrece una incre\u00edble diversidad de paisajes: dunas majestuosas, playas salvajes, senderos sombreados y pueblos pintorescos. Cada salida es un nuevo descubrimiento, tanto si le gusta el dolce far niente, los deportes n\u00e1uticos o el patrimonio local.  <\/p>\n<\/div><\/div>\n<\/div>\n<\/div>\n\n<div class=\"et_pb_row_4 et_pb_row et_flex_row\">\n<div class=\"et_pb_column_7 et_pb_column et_flex_column et_pb_css_mix_blend_mode_passthrough et_flex_column_24_24 et_flex_column_24_24_tablet et_flex_column_24_24_phone\">\n<div class=\"et_pb_text_5 et_pb_text et_pb_bg_layout_light et_pb_module et_flex_module\"><div class=\"et_pb_text_inner\"><h2>Oc\u00e9ano, lago y actividades n\u00e1uticas<\/h2>\n<\/div><\/div>\n\n<div class=\"et_pb_text_6 et_pb_text et_pb_bg_layout_light et_pb_module et_flex_module\"><div class=\"et_pb_text_inner\"><p>Las playas de Las Landas son famosas por su belleza y sus olas. Podr\u00e1 practicar surf, nadar en zonas vigiladas o simplemente disfrutar del placer de no hacer nada en la arena caliente. A 7 km del camping, la playa salvaje de la Lette Blanche seduce por su autenticidad y su entorno preservado; aqu\u00ed no hay comercios, solo un puesto de vigilancia y la naturaleza hasta donde alcanza la vista.<br \/>A 3 km, el <strong>lago de Vielle<\/strong> ofrece una alternativa ideal al oc\u00e9ano: aguas dulces, alquiler de barcos y de tablas de vela, restauraci\u00f3n in situ y playa vigilada de 11:00 a 19:00.  <\/p>\n<\/div><\/div>\n<\/div>\n\n<div class=\"et_pb_column_8 et_pb_column et-last-child et_flex_column et_pb_column_empty et_pb_css_mix_blend_mode_passthrough et_flex_column_24_24 et_flex_column_24_24_tablet et_flex_column_24_24_phone\"><\/div>\n<\/div>\n<\/div>\n\n<div class=\"et_pb_section_3 et_pb_section et_section_regular et_flex_section\">\n<div class=\"et_pb_row_5 et_pb_row et_flex_row\">\n<div class=\"et_pb_column_9 et_pb_column et-last-child et_flex_column et_pb_css_mix_blend_mode_passthrough et_flex_column_24_24 et_flex_column_24_24_tablet et_flex_column_24_24_phone\">\n<div class=\"et_pb_icon_0 et_pb_icon et_pb_module et_flex_module\"><span class=\"et_pb_icon_wrap\"><span class=\"et-pb-icon\">\ue031<\/span><\/span><\/div>\n<\/div>\n<\/div>\n\n<div class=\"et_pb_row_6 et_pb_row et_flex_row\">\n<div class=\"et_pb_column_10 et_pb_column et_flex_column et_pb_css_mix_blend_mode_passthrough et_flex_column_24_24 et_flex_column_24_24_tablet et_flex_column_24_24_phone\">\n<div class=\"et_pb_text_7 et_pb_text et_pb_bg_layout_light et_pb_module et_flex_module\"><div class=\"et_pb_text_inner\"><h2>Paseos en bicicleta y a pie<\/h2>\n<\/div><\/div>\n<\/div>\n\n<div class=\"et_pb_column_11 et_pb_column et-last-child et_flex_column et_pb_css_mix_blend_mode_passthrough et_flex_column_24_24 et_flex_column_24_24_tablet et_flex_column_24_24_phone\">\n<div class=\"et_pb_text_8 et_pb_text et_pb_bg_layout_light et_pb_module et_flex_module\"><div class=\"et_pb_text_inner\"><p>La regi\u00f3n est\u00e1 atravesada por la V\u00e9lodyss\u00e9e, una ruta ciclista que recorre la costa atl\u00e1ntica y ofrece kil\u00f3metros de caminos seguros. Contrariamente a la creencia popular, las Landas no son perfectamente llanas: el ciclismo de monta\u00f1a en el bosque est\u00e1 lleno de sorpresas, con algunas subidas a la sombra de los pinos.<br \/>\nLos aficionados al senderismo tambi\u00e9n encontrar\u00e1n mucho de lo que disfrutar, con numerosos senderos en el coraz\u00f3n del bosque de las Landas. Tanto si buscas un paseo de 30 minutos como una excursi\u00f3n m\u00e1s larga, te encontrar\u00e1s en un entorno tranquilo y virgen. Y no lo olvides: la duna es una barrera natural esencial entre el oc\u00e9ano y el bosque. Est\u00e1 protegida y es fr\u00e1gil, por lo que est\u00e1 estrictamente prohibido caminar sobre ella.<\/p>\n<\/div><\/div>\n<\/div>\n<\/div>\n<\/div>\n\n<div class=\"et_pb_section_4 et_pb_section et_section_regular et_block_section\">\n<div class=\"et_pb_row_7 et_pb_row et_pb_row_4col et_pb_gutters1 et_block_row et_block_row_4col et_pb_row_fullwidth\">\n<div class=\"et_pb_column_12 et_pb_column et_pb_column_1_4 et_block_column et_pb_css_mix_blend_mode_passthrough\">\n<div class=\"et_pb_divider_0 et_pb_divider_hidden et_pb_space et_pb_divider_position_top et_pb_module\"><div class=\"et_pb_divider_internal\"><\/div><\/div>\n<\/div>\n\n<div class=\"et_pb_column_13 et_pb_column et_pb_column_1_4 et_block_column et_pb_css_mix_blend_mode_passthrough\">\n<div class=\"et_pb_divider_1 et_pb_divider_hidden et_pb_space et_pb_divider_position_top et_pb_module\"><div class=\"et_pb_divider_internal\"><\/div><\/div>\n<\/div>\n\n<div class=\"et_pb_column_14 et_pb_column et_pb_column_1_4 et_block_column et_pb_css_mix_blend_mode_passthrough\">\n<div class=\"et_pb_divider_2 et_pb_divider_hidden et_pb_space et_pb_divider_position_top et_pb_module\"><div class=\"et_pb_divider_internal\"><\/div><\/div>\n<\/div>\n\n<div class=\"et_pb_column_15 et_pb_column et_pb_column_1_4 et-last-child et_block_column et_pb_css_mix_blend_mode_passthrough\">\n<div class=\"et_pb_divider_3 et_pb_divider_hidden et_pb_space et_pb_divider_position_top et_pb_module\"><div class=\"et_pb_divider_internal\"><\/div><\/div>\n<\/div>\n<\/div>\n<\/div>\n\n<div class=\"et_pb_section_5 et_pb_section et_section_regular et_flex_section\">\n<div class=\"et_pb_row_8 et_pb_row et_flex_row\">\n<div class=\"et_pb_column_16 et_pb_column et_flex_column et_pb_column_empty et_pb_css_mix_blend_mode_passthrough et_flex_column_24_24 et_flex_column_24_24_tablet et_flex_column_24_24_phone\"><\/div>\n\n<div class=\"et_pb_column_17 et_pb_column et-last-child et_flex_column et_pb_css_mix_blend_mode_passthrough et_flex_column_24_24 et_flex_column_24_24_tablet et_flex_column_24_24_phone\">\n<div class=\"et_pb_text_9 et_pb_text et_pb_bg_layout_light et_pb_module et_flex_module\"><div class=\"et_pb_text_inner\"><h2>Otras actividades y arte de vivir land\u00e9s<\/h2>\n<\/div><\/div>\n\n<div class=\"et_pb_text_10 et_pb_text et_pb_bg_layout_light et_pb_module et_flex_module\"><div class=\"et_pb_text_inner\"><p>Los centros h\u00edpicos de la regi\u00f3n ofrecen paseos y cursos de iniciaci\u00f3n para todos los niveles. Los aficionados a la petanca pueden aprovechar las numerosas pistas, incluida la del camping, que es un punto de encuentro ineludible.<br \/>\nY adem\u00e1s, hay una actividad t\u00edpicamente landesa que te invitamos a descubrir: el bullage. Implica apresurarse a realizar las tareas esenciales... y luego no hacer nada. Es un arte, casi una filosof\u00eda, y te recomendamos que lo practiques al menos un d\u00eda durante tu estancia. En la recepci\u00f3n te esperan consejos pr\u00e1cticos que te ayudar\u00e1n a convertirte en un aut\u00e9ntico experto.<\/p>\n<\/div><\/div>\n<\/div>\n<\/div>\n<\/div>\n\n<div class=\"et_pb_section_6 et_pb_section et_section_regular et_block_section\">\n<div class=\"et_pb_row_9 et_pb_row et_flex_row\">\n<div class=\"et_pb_column_18 et_pb_column et-last-child et_flex_column et_pb_css_mix_blend_mode_passthrough et_flex_column_24_24 et_flex_column_24_24_tablet et_flex_column_24_24_phone\">\n<div class=\"et_pb_code_0 et_pb_code et_pb_module\"><div class=\"et_pb_code_inner\"><!-- Gridbuilder \u1d42\u1d3e Plugin (https:\/\/wpgridbuilder.com) -->\n<div class=\"wp-grid-builder wpgb-grid-10\" data-options=\"{&quot;id&quot;:10,&quot;type&quot;:&quot;masonry&quot;,&quot;source&quot;:&quot;post_type&quot;,&quot;loader&quot;:false,&quot;layout&quot;:&quot;horizontal&quot;,&quot;reveal&quot;:0,&quot;isMainQuery&quot;:0,&quot;lazyLoad&quot;:false,&quot;cardSizes&quot;:{&quot;9999&quot;:{&quot;columns&quot;:3,&quot;height&quot;:220,&quot;gutter&quot;:16,&quot;ratio&quot;:&quot;1.33333&quot;},&quot;1024&quot;:{&quot;columns&quot;:2,&quot;height&quot;:200,&quot;gutter&quot;:16,&quot;ratio&quot;:&quot;1.33333&quot;},&quot;640&quot;:{&quot;columns&quot;:1,&quot;height&quot;:200,&quot;gutter&quot;:16,&quot;ratio&quot;:&quot;1.33333&quot;}},&quot;fitRows&quot;:false,&quot;equalRows&quot;:0,&quot;equalColumns&quot;:false,&quot;fillLastRow&quot;:0,&quot;centerLastRow&quot;:0,&quot;horizontalOrder&quot;:false,&quot;fullWidth&quot;:false,&quot;transitionDelay&quot;:100,&quot;gallerySlideshow&quot;:false,&quot;rowsNumber&quot;:1,&quot;slideAlign&quot;:&quot;left&quot;,&quot;groupCells&quot;:1,&quot;draggable&quot;:true,&quot;initialIndex&quot;:0,&quot;contain&quot;:true,&quot;freeScroll&quot;:false,&quot;freeFriction&quot;:&quot;0.075&quot;,&quot;friction&quot;:&quot;0.285&quot;,&quot;attraction&quot;:&quot;0.025&quot;,&quot;autoPlay&quot;:0,&quot;pageDotAriaLabel&quot;:&quot;Page dot %d&quot;,&quot;isPreview&quot;:false,&quot;isGutenberg&quot;:false,&quot;rightToLeft&quot;:false}\"><div class=\"wpgb-svg-icons\" hidden>\n\t<svg viewBox=\"0 0 120 24\" width=\"0\" height=\"0\">\n\t<defs>\n        <polygon id=\"wpgb-star-svg\" points=\"12 2.5 15.1 8.8 22 9.8 17 14.6 18.2 21.5 12 18.3 5.8 21.5 7 14.6 2 9.8 8.9 8.8\"><\/polygon>\n    <\/defs>\n    <symbol id=\"wpgb-rating-stars-svg\">\n        <use xlink:href=\"#wpgb-star-svg\"><\/use>\n        <use xlink:href=\"#wpgb-star-svg\" x=\"24\"><\/use>\n        <use xlink:href=\"#wpgb-star-svg\" x=\"48\"><\/use>\n        <use xlink:href=\"#wpgb-star-svg\" x=\"72\"><\/use>\n        <use xlink:href=\"#wpgb-star-svg\" x=\"96\"><\/use>\n    <\/symbol>\n<\/svg>\n<\/div>\n<div class=\"wpgb-wrapper\">\n\t<div class=\"wpgb-main\">\n\t<div class=\"wpgb-layout\">\n\t<div class=\"wpgb-viewport\">\n\t\t<div class=\"wpgb-masonry\">\n\t\t\t<article class=\"wpgb-card wpgb-card-27 wpgb-post-74367\" data-col=\"1\" data-row=\"1\" data-format=\"standard\" data-fluid><div class=\"wpgb-card-wrapper\"><div class=\"wpgb-card-inner\" data-action><div class=\"wpgb-card-media wpgb-scheme-light\"><svg data-ratio style=\"padding-top:140.7%\" viewBox=\"0 0 344 484\"><\/svg><div class=\"wpgb-card-media-thumbnail\"><a href=\"https:\/\/www.campinglajaougotte.com\/wp-content\/uploads\/2025\/09\/camping-vieille-st-girons.png\" tabindex=\"-1\" class=\"wpgb-handle-lb wpgb-lightbox\" data-type=\"image\" data-rel=\"10\" data-title=\"Camping Vieille St Girons\" title=\"Enlarge photo\"><div style=\"background-image:url(https:\/\/www.campinglajaougotte.com\/wp-content\/uploads\/2025\/09\/camping-vieille-st-girons.png)\"><\/div><noscript><img decoding=\"async\" class=\"wpgb-noscript-img\" src=\"https:\/\/www.campinglajaougotte.com\/wp-content\/uploads\/2025\/09\/camping-vieille-st-girons.png\" alt=\"Camping Vieille St Girons\" height=\"484\" width=\"344\"><\/noscript><\/a><\/div><div class=\"wpgb-card-media-overlay\"><\/div><div class=\"wpgb-card-media-content\"><div class=\"wpgb-card-media-content-center\"><h3 class=\"wpgb-block-1\"><a href=\"https:\/\/www.campinglajaougotte.com\/es\/camping-vielle-saint-girons\/\">Camping Vielle Saint Girons<\/a><\/h3><\/div><\/div><\/div><a class=\"wpgb-card-layer-link\" href=\"https:\/\/www.campinglajaougotte.com\/es\/camping-vielle-saint-girons\/\"><\/a><\/div><\/div><\/article><article class=\"wpgb-card wpgb-card-27 wpgb-post-74356\" data-col=\"1\" data-row=\"1\" data-format=\"standard\" data-fluid><div class=\"wpgb-card-wrapper\"><div class=\"wpgb-card-inner\" data-action><div class=\"wpgb-card-media wpgb-scheme-light\"><svg data-ratio style=\"padding-top:140.7%\" viewBox=\"0 0 344 484\"><\/svg><div class=\"wpgb-card-media-thumbnail\"><a href=\"https:\/\/www.campinglajaougotte.com\/wp-content\/uploads\/2025\/09\/camping-leon.png\" tabindex=\"-1\" class=\"wpgb-handle-lb wpgb-lightbox\" data-type=\"image\" data-rel=\"10\" data-title=\"Camping L\u00e9on\" title=\"Enlarge photo\"><div style=\"background-image:url(https:\/\/www.campinglajaougotte.com\/wp-content\/uploads\/2025\/09\/camping-leon.png)\"><\/div><noscript><img decoding=\"async\" class=\"wpgb-noscript-img\" src=\"https:\/\/www.campinglajaougotte.com\/wp-content\/uploads\/2025\/09\/camping-leon.png\" alt=\"Camping L\u00e9on\" height=\"484\" width=\"344\"><\/noscript><\/a><\/div><div class=\"wpgb-card-media-overlay\"><\/div><div class=\"wpgb-card-media-content\"><div class=\"wpgb-card-media-content-center\"><h3 class=\"wpgb-block-1\"><a href=\"https:\/\/www.campinglajaougotte.com\/es\/camping-leon\/\">Camping L\u00e9on<\/a><\/h3><\/div><\/div><\/div><a class=\"wpgb-card-layer-link\" href=\"https:\/\/www.campinglajaougotte.com\/es\/camping-leon\/\"><\/a><\/div><\/div><\/article><article class=\"wpgb-card wpgb-card-27 wpgb-post-74320\" data-col=\"1\" data-row=\"1\" data-format=\"standard\" data-fluid><div class=\"wpgb-card-wrapper\"><div class=\"wpgb-card-inner\" data-action><div class=\"wpgb-card-media wpgb-scheme-light\"><svg data-ratio style=\"padding-top:140.7%\" viewBox=\"0 0 344 484\"><\/svg><div class=\"wpgb-card-media-thumbnail\"><a href=\"https:\/\/www.campinglajaougotte.com\/wp-content\/uploads\/2025\/09\/courant-huchet1-1.png\" tabindex=\"-1\" class=\"wpgb-handle-lb wpgb-lightbox\" data-type=\"image\" data-rel=\"10\" data-title=\"Corriente Huchet1\" title=\"Enlarge photo\"><div style=\"background-image:url(https:\/\/www.campinglajaougotte.com\/wp-content\/uploads\/2025\/09\/courant-huchet1-1.png)\"><\/div><noscript><img decoding=\"async\" class=\"wpgb-noscript-img\" src=\"https:\/\/www.campinglajaougotte.com\/wp-content\/uploads\/2025\/09\/courant-huchet1-1.png\" alt=\"Corriente Huchet1\" height=\"484\" width=\"344\"><\/noscript><\/a><\/div><div class=\"wpgb-card-media-overlay\"><\/div><div class=\"wpgb-card-media-content\"><div class=\"wpgb-card-media-content-center\"><h3 class=\"wpgb-block-1\"><a href=\"https:\/\/www.campinglajaougotte.com\/es\/corriente-huchet\/\">Corriente Huchet<\/a><\/h3><\/div><\/div><\/div><a class=\"wpgb-card-layer-link\" href=\"https:\/\/www.campinglajaougotte.com\/es\/corriente-huchet\/\"><\/a><\/div><\/div><\/article>\t\t<\/div>\n\t<\/div>\n\t<div class=\"wpgb-area wpgb-area-left\">\n\t<button type=\"button\" class=\"wpgb-prev-button\" aria-label=\"Previous slide\" hidden>\n\t<svg><use xlink:href=\"https:\/\/www.campinglajaougotte.com\/wp-content\/plugins\/wp-grid-builder\/public\/svg\/arrows\/arrow-left.svg#wpgb-icon\"\/><\/svg><\/button>\n<\/div>\n<div class=\"wpgb-area wpgb-area-right\">\n\t<button type=\"button\" class=\"wpgb-next-button\" aria-label=\"Next slide\" hidden>\n\t<svg><use xlink:href=\"https:\/\/www.campinglajaougotte.com\/wp-content\/plugins\/wp-grid-builder\/public\/svg\/arrows\/arrow-right.svg#wpgb-icon\"\/><\/svg><\/button>\n<\/div>\n<\/div>\n\t<\/div>\n\t\t<\/div>\n<\/div>\n<\/div><\/div>\n<\/div>\n<\/div>\n<\/div>","protected":false},"excerpt":{"rendered":"","protected":false},"author":2,"featured_media":74309,"parent":0,"menu_order":0,"comment_status":"closed","ping_status":"closed","template":"","meta":{"_acf_changed":false,"inline_featured_image":false,"footnotes":""},"class_list":["post-74308","page","type-page","status-publish","has-post-thumbnail","hentry"],"acf":[],"yoast_head":"<!-- This site is optimized with the Yoast SEO plugin v27.4 - https:\/\/yoast.com\/product\/yoast-seo-wordpress\/ -->\n<title>Camping Landas - Vacaciones en Las Landas - Turismo Landas (40)<\/title>\n<meta name=\"description\" content=\"Camping en Las Landas: naturaleza, playas y lagos en la costa atl\u00e1ntica.\" \/>\n<meta name=\"robots\" content=\"index, follow, max-snippet:-1, max-image-preview:large, max-video-preview:-1\" \/>\n<link rel=\"canonical\" href=\"https:\/\/www.campinglajaougotte.com\/es\/camping-las-landas\/\" \/>\n<meta property=\"og:locale\" content=\"es_ES\" \/>\n<meta property=\"og:type\" content=\"article\" \/>\n<meta property=\"og:title\" content=\"Camping Landas - Vacaciones en Las Landas - Turismo Landas (40)\" \/>\n<meta property=\"og:description\" content=\"Camping en Las Landas: naturaleza, playas y lagos en la costa atl\u00e1ntica.\" \/>\n<meta property=\"og:url\" content=\"https:\/\/www.campinglajaougotte.com\/es\/camping-las-landas\/\" \/>\n<meta property=\"og:site_name\" content=\"Camping La Jaougotte\" \/>\n<meta property=\"article:modified_time\" content=\"2025-10-16T09:47:39+00:00\" \/>\n<meta property=\"og:image\" content=\"https:\/\/www.campinglajaougotte.com\/wp-content\/uploads\/2025\/09\/camping-landes.png\" \/>\n\t<meta property=\"og:image:width\" content=\"344\" \/>\n\t<meta property=\"og:image:height\" content=\"484\" \/>\n\t<meta property=\"og:image:type\" content=\"image\/png\" \/>\n<meta name=\"twitter:card\" content=\"summary_large_image\" \/>\n<script type=\"application\/ld+json\" class=\"yoast-schema-graph\">{\"@context\":\"https:\\\/\\\/schema.org\",\"@graph\":[{\"@type\":\"WebPage\",\"@id\":\"https:\\\/\\\/www.campinglajaougotte.com\\\/es\\\/camping-las-landas\\\/\",\"url\":\"https:\\\/\\\/www.campinglajaougotte.com\\\/es\\\/camping-las-landas\\\/\",\"name\":\"Camping Landas - Vacaciones en Las Landas - Turismo Landas (40)\",\"isPartOf\":{\"@id\":\"https:\\\/\\\/www.campinglajaougotte.com\\\/es\\\/#website\"},\"primaryImageOfPage\":{\"@id\":\"https:\\\/\\\/www.campinglajaougotte.com\\\/es\\\/camping-las-landas\\\/#primaryimage\"},\"image\":{\"@id\":\"https:\\\/\\\/www.campinglajaougotte.com\\\/es\\\/camping-las-landas\\\/#primaryimage\"},\"thumbnailUrl\":\"https:\\\/\\\/www.campinglajaougotte.com\\\/wp-content\\\/uploads\\\/2025\\\/09\\\/camping-landes.png\",\"datePublished\":\"2025-09-12T11:17:30+00:00\",\"dateModified\":\"2025-10-16T09:47:39+00:00\",\"description\":\"Camping en Las Landas: naturaleza, playas y lagos en la costa atl\u00e1ntica.\",\"breadcrumb\":{\"@id\":\"https:\\\/\\\/www.campinglajaougotte.com\\\/es\\\/camping-las-landas\\\/#breadcrumb\"},\"inLanguage\":\"es\",\"potentialAction\":[{\"@type\":\"ReadAction\",\"target\":[\"https:\\\/\\\/www.campinglajaougotte.com\\\/es\\\/camping-las-landas\\\/\"]}]},{\"@type\":\"ImageObject\",\"inLanguage\":\"es\",\"@id\":\"https:\\\/\\\/www.campinglajaougotte.com\\\/es\\\/camping-las-landas\\\/#primaryimage\",\"url\":\"https:\\\/\\\/www.campinglajaougotte.com\\\/wp-content\\\/uploads\\\/2025\\\/09\\\/camping-landes.png\",\"contentUrl\":\"https:\\\/\\\/www.campinglajaougotte.com\\\/wp-content\\\/uploads\\\/2025\\\/09\\\/camping-landes.png\",\"width\":344,\"height\":484,\"caption\":\"Camping Landes\"},{\"@type\":\"BreadcrumbList\",\"@id\":\"https:\\\/\\\/www.campinglajaougotte.com\\\/es\\\/camping-las-landas\\\/#breadcrumb\",\"itemListElement\":[{\"@type\":\"ListItem\",\"position\":1,\"name\":\"Accueil\",\"item\":\"https:\\\/\\\/www.campinglajaougotte.com\\\/es\\\/\"},{\"@type\":\"ListItem\",\"position\":2,\"name\":\"Camping Las Landas\"}]},{\"@type\":\"WebSite\",\"@id\":\"https:\\\/\\\/www.campinglajaougotte.com\\\/es\\\/#website\",\"url\":\"https:\\\/\\\/www.campinglajaougotte.com\\\/es\\\/\",\"name\":\"Camping La Jaougotte\",\"description\":\"\",\"potentialAction\":[{\"@type\":\"SearchAction\",\"target\":{\"@type\":\"EntryPoint\",\"urlTemplate\":\"https:\\\/\\\/www.campinglajaougotte.com\\\/es\\\/?s={search_term_string}\"},\"query-input\":{\"@type\":\"PropertyValueSpecification\",\"valueRequired\":true,\"valueName\":\"search_term_string\"}}],\"inLanguage\":\"es\"}]}<\/script>\n<!-- \/ Yoast SEO plugin. -->","yoast_head_json":{"title":"Camping Landas - Vacaciones en Las Landas - Turismo Landas (40)","description":"Camping en Las Landas: naturaleza, playas y lagos en la costa atl\u00e1ntica.","robots":{"index":"index","follow":"follow","max-snippet":"max-snippet:-1","max-image-preview":"max-image-preview:large","max-video-preview":"max-video-preview:-1"},"canonical":"https:\/\/www.campinglajaougotte.com\/es\/camping-las-landas\/","og_locale":"es_ES","og_type":"article","og_title":"Camping Landas - Vacaciones en Las Landas - Turismo Landas (40)","og_description":"Camping en Las Landas: naturaleza, playas y lagos en la costa atl\u00e1ntica.","og_url":"https:\/\/www.campinglajaougotte.com\/es\/camping-las-landas\/","og_site_name":"Camping La Jaougotte","article_modified_time":"2025-10-16T09:47:39+00:00","og_image":[{"width":344,"height":484,"url":"https:\/\/www.campinglajaougotte.com\/wp-content\/uploads\/2025\/09\/camping-landes.png","type":"image\/png"}],"twitter_card":"summary_large_image","schema":{"@context":"https:\/\/schema.org","@graph":[{"@type":"WebPage","@id":"https:\/\/www.campinglajaougotte.com\/es\/camping-las-landas\/","url":"https:\/\/www.campinglajaougotte.com\/es\/camping-las-landas\/","name":"Camping Landas - Vacaciones en Las Landas - Turismo Landas (40)","isPartOf":{"@id":"https:\/\/www.campinglajaougotte.com\/es\/#website"},"primaryImageOfPage":{"@id":"https:\/\/www.campinglajaougotte.com\/es\/camping-las-landas\/#primaryimage"},"image":{"@id":"https:\/\/www.campinglajaougotte.com\/es\/camping-las-landas\/#primaryimage"},"thumbnailUrl":"https:\/\/www.campinglajaougotte.com\/wp-content\/uploads\/2025\/09\/camping-landes.png","datePublished":"2025-09-12T11:17:30+00:00","dateModified":"2025-10-16T09:47:39+00:00","description":"Camping en Las Landas: naturaleza, playas y lagos en la costa atl\u00e1ntica.","breadcrumb":{"@id":"https:\/\/www.campinglajaougotte.com\/es\/camping-las-landas\/#breadcrumb"},"inLanguage":"es","potentialAction":[{"@type":"ReadAction","target":["https:\/\/www.campinglajaougotte.com\/es\/camping-las-landas\/"]}]},{"@type":"ImageObject","inLanguage":"es","@id":"https:\/\/www.campinglajaougotte.com\/es\/camping-las-landas\/#primaryimage","url":"https:\/\/www.campinglajaougotte.com\/wp-content\/uploads\/2025\/09\/camping-landes.png","contentUrl":"https:\/\/www.campinglajaougotte.com\/wp-content\/uploads\/2025\/09\/camping-landes.png","width":344,"height":484,"caption":"Camping Landes"},{"@type":"BreadcrumbList","@id":"https:\/\/www.campinglajaougotte.com\/es\/camping-las-landas\/#breadcrumb","itemListElement":[{"@type":"ListItem","position":1,"name":"Accueil","item":"https:\/\/www.campinglajaougotte.com\/es\/"},{"@type":"ListItem","position":2,"name":"Camping Las Landas"}]},{"@type":"WebSite","@id":"https:\/\/www.campinglajaougotte.com\/es\/#website","url":"https:\/\/www.campinglajaougotte.com\/es\/","name":"Camping La Jaougotte","description":"","potentialAction":[{"@type":"SearchAction","target":{"@type":"EntryPoint","urlTemplate":"https:\/\/www.campinglajaougotte.com\/es\/?s={search_term_string}"},"query-input":{"@type":"PropertyValueSpecification","valueRequired":true,"valueName":"search_term_string"}}],"inLanguage":"es"}]}},"_links":{"self":[{"href":"https:\/\/www.campinglajaougotte.com\/es\/wp-json\/wp\/v2\/pages\/74308","targetHints":{"allow":["GET"]}}],"collection":[{"href":"https:\/\/www.campinglajaougotte.com\/es\/wp-json\/wp\/v2\/pages"}],"about":[{"href":"https:\/\/www.campinglajaougotte.com\/es\/wp-json\/wp\/v2\/types\/page"}],"author":[{"embeddable":true,"href":"https:\/\/www.campinglajaougotte.com\/es\/wp-json\/wp\/v2\/users\/2"}],"replies":[{"embeddable":true,"href":"https:\/\/www.campinglajaougotte.com\/es\/wp-json\/wp\/v2\/comments?post=74308"}],"version-history":[{"count":8,"href":"https:\/\/www.campinglajaougotte.com\/es\/wp-json\/wp\/v2\/pages\/74308\/revisions"}],"predecessor-version":[{"id":75302,"href":"https:\/\/www.campinglajaougotte.com\/es\/wp-json\/wp\/v2\/pages\/74308\/revisions\/75302"}],"wp:featuredmedia":[{"embeddable":true,"href":"https:\/\/www.campinglajaougotte.com\/es\/wp-json\/wp\/v2\/media\/74309"}],"wp:attachment":[{"href":"https:\/\/www.campinglajaougotte.com\/es\/wp-json\/wp\/v2\/media?parent=74308"}],"curies":[{"name":"wp","href":"https:\/\/api.w.org\/{rel}","templated":true}]}}